{"id":730,"date":"2023-07-20T11:15:55","date_gmt":"2023-07-20T09:15:55","guid":{"rendered":"https:\/\/marvalgl.com\/?page_id=730"},"modified":"2023-11-08T15:45:48","modified_gmt":"2023-11-08T14:45:48","slug":"cookie-policy","status":"publish","type":"page","link":"https:\/\/www.marval.glass\/en\/cookie-policy\/","title":{"rendered":"Cookie Policy"},"content":{"rendered":"<p>Il Garante per la Protezione dei Dati Personali ha emanato lo scorso 8 Maggio 2014 il provvedimento n. 229, dal titolo \u201cIndividuazione delle modalit\u00e0 semplificate per l\u2019informativa e l\u2019acquisizione del consenso per l\u2019uso dei cookie\u201d, con conseguente pubblicazione sulla Gazzetta Ufficiale in data 3 Giugno 2014. Attraverso tale provvedimento il Garante recepisce le direttive europee secondo le quali ciascun sito web, al primo accesso di un visitatore, deve mostrare un banner informativo che li informi della politica dei cookie operata dal sito che gli stessi stanno visitando, e di subordinare il proseguimento della navigazione all\u2019accettazione di tale politica. L\u2019intero provvedimento \u00e8 disponibile all\u2019URL\u00a0<a href=\"https:\/\/www.garanteprivacy.it\/web\/guest\/home\/docweb\/-\/docweb-display\/docweb\/3118884\" target=\"_blank\" rel=\"noopener\">https:\/\/www.garanteprivacy.it\/web\/guest\/home\/docweb\/-\/docweb-display\/docweb\/3118884.<\/a><\/p>\n<p><b>Definizione<br \/>\n<\/b>I cookie sono stringhe di testo di piccole dimensioni che i siti visitati dall\u2019utente inviano al suo terminale (solitamente al browser), dove vengono memorizzati per essere poi ritrasmessi agli stessi siti alla successiva visita del medesimo utente. Nel corso della navigazione su un sito, l\u2019utente pu\u00f2 ricevere sul suo terminale anche cookie che vengono inviati da siti o da web server diversi (c.d. \u201cterze parti\u201d), sui quali possono risiedere alcuni elementi (quali, ad esempio, immagini, mappe, suoni, specifici link a pagine di altri domini) presenti sul sito che lo stesso sta visitando. I cookie, solitamente presenti nei browser degli utenti in numero molto elevato e a volte anche con caratteristiche di ampia persistenza temporale, sono usati per differenti finalit\u00e0: esecuzione di autenticazioni informatiche, monitoraggio di sessioni, memorizzazione di informazioni su specifiche configurazioni riguardanti gli utenti che accedono al server, ecc. Il Garante, al fine di giungere ad una corretta regolamentazione della direttiva, ha individuato due macro categorie di cookie:\u00a0<b>cookie tecnici<\/b>\u00a0e\u00a0<b>cookie di profilazione<\/b>; e ha contestualmente definito una ulteriore differenziazione in merito al soggetto che installa i cookie, che pu\u00f2 essere lo stesso gestore del sito (\u201ceditore\u201d) o un soggetto terzo, che installa i cookie per il tramite del primo, definendo questa tipologia\u00a0<b>cookie di terze parti<\/b>. In quest\u2019ultimo caso il Garante ha espressamente limitato la responsabilit\u00e0 dell\u2019editore al rimando all\u2019informativa della parte che installa tali cookie.<\/p>\n<p>&nbsp;<\/p>\n<p><script type=\"text\/javascript\" charset=\"UTF-8\"  data-cookiescriptreport=\"report\" src=\"\/\/report.cookie-script.com\/r\/d2d7671c68ba64bac72da2b227de87c0.js\"><\/script><\/p>\n<p>&nbsp;<\/p>\n<p><b>Controllare le impostazione relative ai cookie e disattivarli<br \/>\n<\/b>I cookie facilitano e velocizzano la navigazione sul nostro sito, puoi comunque scegliere, se lo desideri, di rifiutarli. Ci\u00f2, per\u00f2, ci impedir\u00e0 di ricordare i tuoi preferiti, di offrirti contenuti personalizzati e di raccogliere dati aggregati ricavati dalla tua visita sul sito. Puoi modificare le impostazioni relative ai cookie direttamente dal tuo browser web. Per saperne di pi\u00f9 su come gestire ed eliminare i cookie dal tuo browser, vai ai seguenti collegamenti:<\/p>\n<ul>\n<li>Ulteriori informazioni sulla disabilitazione dei cookie su\u00a0<a href=\"https:\/\/support.mozilla.org\/it\/kb\/Attivare%2520e%2520disattivare%2520i%2520cookie\" target=\"_blank\" rel=\"noopener\">Firefox<\/a><\/li>\n<li>Ulteriori informazioni sulla disabilitazione dei cookie su\u00a0<a href=\"http:\/\/www.google.com\/policies\/technologies\/managing\/\" target=\"_blank\" rel=\"noopener\">Chrome<\/a><\/li>\n<li>Ulteriori informazioni sulla disabilitazione dei cookie su\u00a0<a href=\"http:\/\/support.apple.com\/kb\/HT1677?viewlocale=it_IT&amp;locale=it_IT\" target=\"_blank\" rel=\"noopener\">Safari<\/a><\/li>\n<li>Ulteriori informazioni sulla disabilitazione dei cookie su\u00a0<a href=\"http:\/\/windows.microsoft.com\/it-it\/internet-explorer\/delete-manage-cookies#ie=ie-11\" target=\"_blank\" rel=\"noopener\">Internet Explorer<\/a><\/li>\n<\/ul>\n","protected":false},"excerpt":{"rendered":"<p>Il Garante per la Protezione dei Dati Personali ha emanato lo scorso 8 Maggio 2014 il provvedimento n. 229, dal titolo \u201cIndividuazione delle modalit\u00e0 semplificate per l\u2019informativa e l\u2019acquisizione del [&hellip;]<\/p>\n","protected":false},"author":712,"featured_media":0,"parent":0,"menu_order":90,"comment_status":"closed","ping_status":"closed","template":"","meta":{"_acf_changed":false,"footnotes":""},"class_list":["post-730","page","type-page","status-publish","hentry"],"acf":[],"yoast_head":"<!-- This site is optimized with the Yoast SEO plugin v27.2 - https:\/\/yoast.com\/product\/yoast-seo-wordpress\/ -->\n<title>Cookie Policy - Marval<\/title>\n<meta name=\"robots\" content=\"index, follow, max-snippet:-1, max-image-preview:large, max-video-preview:-1\" \/>\n<link rel=\"canonical\" href=\"https:\/\/www.marval.glass\/en\/cookie-policy\/\" \/>\n<meta property=\"og:locale\" content=\"en_US\" \/>\n<meta property=\"og:type\" content=\"article\" \/>\n<meta property=\"og:title\" content=\"Cookie Policy - Marval\" \/>\n<meta property=\"og:description\" content=\"Il Garante per la Protezione dei Dati Personali ha emanato lo scorso 8 Maggio 2014 il provvedimento n. 229, dal titolo \u201cIndividuazione delle modalit\u00e0 semplificate per l\u2019informativa e l\u2019acquisizione del [&hellip;]\" \/>\n<meta property=\"og:url\" content=\"https:\/\/www.marval.glass\/en\/cookie-policy\/\" \/>\n<meta property=\"og:site_name\" content=\"Marval\" \/>\n<meta property=\"article:modified_time\" content=\"2023-11-08T14:45:48+00:00\" \/>\n<meta name=\"twitter:card\" content=\"summary_large_image\" \/>\n<meta name=\"twitter:label1\" content=\"Est. reading time\" \/>\n\t<meta name=\"twitter:data1\" content=\"2 minutes\" \/>\n<script type=\"application\/ld+json\" class=\"yoast-schema-graph\">{\"@context\":\"https:\/\/schema.org\",\"@graph\":[{\"@type\":\"WebPage\",\"@id\":\"https:\/\/www.marval.glass\/en\/cookie-policy\/\",\"url\":\"https:\/\/www.marval.glass\/en\/cookie-policy\/\",\"name\":\"Cookie Policy - Marval\",\"isPartOf\":{\"@id\":\"https:\/\/www.marval.glass\/en\/#website\"},\"datePublished\":\"2023-07-20T09:15:55+00:00\",\"dateModified\":\"2023-11-08T14:45:48+00:00\",\"breadcrumb\":{\"@id\":\"https:\/\/www.marval.glass\/en\/cookie-policy\/#breadcrumb\"},\"inLanguage\":\"en-US\",\"potentialAction\":[{\"@type\":\"ReadAction\",\"target\":[\"https:\/\/www.marval.glass\/en\/cookie-policy\/\"]}]},{\"@type\":\"BreadcrumbList\",\"@id\":\"https:\/\/www.marval.glass\/en\/cookie-policy\/#breadcrumb\",\"itemListElement\":[{\"@type\":\"ListItem\",\"position\":1,\"name\":\"Marval\",\"item\":\"https:\/\/www.marval.glass\/en\/home\/\"},{\"@type\":\"ListItem\",\"position\":2,\"name\":\"Cookie Policy\"}]},{\"@type\":\"WebSite\",\"@id\":\"https:\/\/www.marval.glass\/en\/#website\",\"url\":\"https:\/\/www.marval.glass\/en\/\",\"name\":\"Marval\",\"description\":\"\",\"publisher\":{\"@id\":\"https:\/\/www.marval.glass\/en\/#organization\"},\"potentialAction\":[{\"@type\":\"SearchAction\",\"target\":{\"@type\":\"EntryPoint\",\"urlTemplate\":\"https:\/\/www.marval.glass\/en\/?s={search_term_string}\"},\"query-input\":{\"@type\":\"PropertyValueSpecification\",\"valueRequired\":true,\"valueName\":\"search_term_string\"}}],\"inLanguage\":\"en-US\"},{\"@type\":\"Organization\",\"@id\":\"https:\/\/www.marval.glass\/en\/#organization\",\"name\":\"Marval\",\"url\":\"https:\/\/www.marval.glass\/en\/\",\"logo\":{\"@type\":\"ImageObject\",\"inLanguage\":\"en-US\",\"@id\":\"https:\/\/www.marval.glass\/en\/#\/schema\/logo\/image\/\",\"url\":\"https:\/\/www.marval.glass\/wp-content\/uploads\/screenshot.jpg\",\"contentUrl\":\"https:\/\/www.marval.glass\/wp-content\/uploads\/screenshot.jpg\",\"width\":1200,\"height\":900,\"caption\":\"Marval\"},\"image\":{\"@id\":\"https:\/\/www.marval.glass\/en\/#\/schema\/logo\/image\/\"}}]}<\/script>\n<!-- \/ Yoast SEO plugin. -->","yoast_head_json":{"title":"Cookie Policy - Marval","robots":{"index":"index","follow":"follow","max-snippet":"max-snippet:-1","max-image-preview":"max-image-preview:large","max-video-preview":"max-video-preview:-1"},"canonical":"https:\/\/www.marval.glass\/en\/cookie-policy\/","og_locale":"en_US","og_type":"article","og_title":"Cookie Policy - Marval","og_description":"Il Garante per la Protezione dei Dati Personali ha emanato lo scorso 8 Maggio 2014 il provvedimento n. 229, dal titolo \u201cIndividuazione delle modalit\u00e0 semplificate per l\u2019informativa e l\u2019acquisizione del [&hellip;]","og_url":"https:\/\/www.marval.glass\/en\/cookie-policy\/","og_site_name":"Marval","article_modified_time":"2023-11-08T14:45:48+00:00","twitter_card":"summary_large_image","twitter_misc":{"Est. reading time":"2 minutes"},"schema":{"@context":"https:\/\/schema.org","@graph":[{"@type":"WebPage","@id":"https:\/\/www.marval.glass\/en\/cookie-policy\/","url":"https:\/\/www.marval.glass\/en\/cookie-policy\/","name":"Cookie Policy - Marval","isPartOf":{"@id":"https:\/\/www.marval.glass\/en\/#website"},"datePublished":"2023-07-20T09:15:55+00:00","dateModified":"2023-11-08T14:45:48+00:00","breadcrumb":{"@id":"https:\/\/www.marval.glass\/en\/cookie-policy\/#breadcrumb"},"inLanguage":"en-US","potentialAction":[{"@type":"ReadAction","target":["https:\/\/www.marval.glass\/en\/cookie-policy\/"]}]},{"@type":"BreadcrumbList","@id":"https:\/\/www.marval.glass\/en\/cookie-policy\/#breadcrumb","itemListElement":[{"@type":"ListItem","position":1,"name":"Marval","item":"https:\/\/www.marval.glass\/en\/home\/"},{"@type":"ListItem","position":2,"name":"Cookie Policy"}]},{"@type":"WebSite","@id":"https:\/\/www.marval.glass\/en\/#website","url":"https:\/\/www.marval.glass\/en\/","name":"Marval","description":"","publisher":{"@id":"https:\/\/www.marval.glass\/en\/#organization"},"potentialAction":[{"@type":"SearchAction","target":{"@type":"EntryPoint","urlTemplate":"https:\/\/www.marval.glass\/en\/?s={search_term_string}"},"query-input":{"@type":"PropertyValueSpecification","valueRequired":true,"valueName":"search_term_string"}}],"inLanguage":"en-US"},{"@type":"Organization","@id":"https:\/\/www.marval.glass\/en\/#organization","name":"Marval","url":"https:\/\/www.marval.glass\/en\/","logo":{"@type":"ImageObject","inLanguage":"en-US","@id":"https:\/\/www.marval.glass\/en\/#\/schema\/logo\/image\/","url":"https:\/\/www.marval.glass\/wp-content\/uploads\/screenshot.jpg","contentUrl":"https:\/\/www.marval.glass\/wp-content\/uploads\/screenshot.jpg","width":1200,"height":900,"caption":"Marval"},"image":{"@id":"https:\/\/www.marval.glass\/en\/#\/schema\/logo\/image\/"}}]}},"_links":{"self":[{"href":"https:\/\/www.marval.glass\/en\/wp-json\/wp\/v2\/pages\/730","targetHints":{"allow":["GET"]}}],"collection":[{"href":"https:\/\/www.marval.glass\/en\/wp-json\/wp\/v2\/pages"}],"about":[{"href":"https:\/\/www.marval.glass\/en\/wp-json\/wp\/v2\/types\/page"}],"author":[{"embeddable":true,"href":"https:\/\/www.marval.glass\/en\/wp-json\/wp\/v2\/users\/712"}],"replies":[{"embeddable":true,"href":"https:\/\/www.marval.glass\/en\/wp-json\/wp\/v2\/comments?post=730"}],"version-history":[{"count":2,"href":"https:\/\/www.marval.glass\/en\/wp-json\/wp\/v2\/pages\/730\/revisions"}],"predecessor-version":[{"id":798,"href":"https:\/\/www.marval.glass\/en\/wp-json\/wp\/v2\/pages\/730\/revisions\/798"}],"wp:attachment":[{"href":"https:\/\/www.marval.glass\/en\/wp-json\/wp\/v2\/media?parent=730"}],"curies":[{"name":"wp","href":"https:\/\/api.w.org\/{rel}","templated":true}]}}